{"id":411,"date":"2021-08-27T12:19:36","date_gmt":"2021-08-27T17:19:36","guid":{"rendered":"http:\/\/dummy.xtemos.com\/woodmart2\/elementor\/?post_type=product&#038;p=411"},"modified":"2024-04-13T19:30:15","modified_gmt":"2024-04-14T00:30:15","slug":"beeco","status":"publish","type":"product","link":"https:\/\/negociosverdescorpocaldas.com\/index.php\/producto\/beeco\/","title":{"rendered":"Beeco"},"content":{"rendered":"","protected":false},"excerpt":{"rendered":"<p>Beeco S.A.S gestores de residuos org\u00e1nicos. Una empresa verde de econom\u00eda circular que transforma los residuos org\u00e1nicos en abono y alimentos, a partir de la participaci\u00f3n comunitaria. Es una soluci\u00f3n a la problem\u00e1tica de generaci\u00f3n de basuras, una alternativa para el aprovechamiento de los residuos org\u00e1nicos generados en la zona urbana de Manizales y Villamar\u00eda. Inicialmente se genera conciencia y cultura ambiental ciudadana sobre la correcta separaci\u00f3n de residuos en los hogares y empresas, para despu\u00e9s prestar el servicio de recolecci\u00f3n puerta a puerta de los residuos org\u00e1nicos, lo cuales son transportados a fincas de agricultores aliados que en sistemas de compostaje los transforman en abono natural, utilizado para acondicionar suelos y cultivar alimentos, disminuyendo el uso de fertilizantes qu\u00edmicos e introduciendo nuevamente los materiales al ciclo productivo,\u00a0 evitando la generaci\u00f3n de impactos ambientales negativos y contribuyendo a la construcci\u00f3n de una ciudad m\u00e1s sostenible. Tejiendo lazos entre la poblaci\u00f3n urbana y rural.<\/p>\n<p><strong>Producto:<\/strong> Recolecci\u00f3n y Transformaci\u00f3n de Residuos Org\u00e1nicos en Abono y Productos Agr\u00edcolas.<\/p>\n<p><strong><a href=\"https:\/\/www.facebook.com\/beeco.0\" target=\"_blank\" rel=\"noopener\"><img decoding=\"async\" loading=\"lazy\" class=\"\" src=\"https:\/\/cdn-icons-png.flaticon.com\/128\/145\/145802.png\" alt=\"facebook \" width=\"35\" height=\"35\" \/>\u00a0 Facebook<\/a><\/strong><\/p>\n<p><strong><img decoding=\"async\" loading=\"lazy\" class=\"\" src=\"https:\/\/cdn-icons-png.flaticon.com\/128\/3955\/3955024.png\" alt=\"instagram \" width=\"35\" height=\"35\" \/><a href=\"https:\/\/www.instagram.com\/beeco.0\/\" target=\"_blank\" rel=\"noopener\">\u00a0 Instagram<\/a><\/strong><\/p>\n<p><strong><img decoding=\"async\" loading=\"lazy\" class=\"\" src=\"https:\/\/cdn-icons-png.flaticon.com\/128\/733\/733585.png\" alt=\"whatsapp \" width=\"35\" height=\"35\" \/><a href=\"https:\/\/wa.me\/573044241202\" target=\"_blank\" rel=\"noopener\">\u00a0 WhatsApp\u00a0<\/a><\/strong><\/p>\n<p>&nbsp;<\/p>\n","protected":false},"featured_media":15659,"comment_status":"closed","ping_status":"closed","template":"","meta":[],"product_cat":[20],"product_tag":[],"_links":{"self":[{"href":"https:\/\/negociosverdescorpocaldas.com\/index.php\/wp-json\/wp\/v2\/product\/411"}],"collection":[{"href":"https:\/\/negociosverdescorpocaldas.com\/index.php\/wp-json\/wp\/v2\/product"}],"about":[{"href":"https:\/\/negociosverdescorpocaldas.com\/index.php\/wp-json\/wp\/v2\/types\/product"}],"replies":[{"embeddable":true,"href":"https:\/\/negociosverdescorpocaldas.com\/index.php\/wp-json\/wp\/v2\/comments?post=411"}],"version-history":[{"count":11,"href":"https:\/\/negociosverdescorpocaldas.com\/index.php\/wp-json\/wp\/v2\/product\/411\/revisions"}],"predecessor-version":[{"id":16969,"href":"https:\/\/negociosverdescorpocaldas.com\/index.php\/wp-json\/wp\/v2\/product\/411\/revisions\/16969"}],"wp:featuredmedia":[{"embeddable":true,"href":"https:\/\/negociosverdescorpocaldas.com\/index.php\/wp-json\/wp\/v2\/media\/15659"}],"wp:attachment":[{"href":"https:\/\/negociosverdescorpocaldas.com\/index.php\/wp-json\/wp\/v2\/media?parent=411"}],"wp:term":[{"taxonomy":"product_cat","embeddable":true,"href":"https:\/\/negociosverdescorpocaldas.com\/index.php\/wp-json\/wp\/v2\/product_cat?post=411"},{"taxonomy":"product_tag","embeddable":true,"href":"https:\/\/negociosverdescorpocaldas.com\/index.php\/wp-json\/wp\/v2\/product_tag?post=411"}],"curies":[{"name":"wp","href":"https:\/\/api.w.org\/{rel}","templated":true}]}}