{"id":17421,"date":"2025-09-04T15:51:05","date_gmt":"2025-09-04T20:51:05","guid":{"rendered":"https:\/\/negociosverdescorpocaldas.com\/?post_type=product&#038;p=17421"},"modified":"2025-09-04T15:51:05","modified_gmt":"2025-09-04T20:51:05","slug":"geproy-ingenieria-s-a-s","status":"publish","type":"product","link":"https:\/\/negociosverdescorpocaldas.com\/index.php\/producto\/geproy-ingenieria-s-a-s\/","title":{"rendered":"Geproy Ingenier\u00eda S.A.S"},"content":{"rendered":"","protected":false},"excerpt":{"rendered":"<p>Transformamos el agua en energ\u00eda inteligente. Nuestras turbinas hidroel\u00e9ctricas te permiten reducir tus costos energ\u00e9ticos, asegurar la continuidad de tus operaciones ante cortes de red, liberarte de la incertidumbre de las tarifas del mercado y generar un impacto positivo en el medio ambiente. Adem\u00e1s de energ\u00eda, generamos valor social, autonom\u00eda y sostenibilidad para tu empresa o comunidad.<\/p>\n<p>Activa el poder del agua. Cont\u00e1ctanos y descubre c\u00f3mo generar tu propia energ\u00eda limpia, rentable y confiable.<\/p>\n<p><strong>Productos:<\/strong> Turbinas de hidrogeneraci\u00f3n de energ\u00eda el\u00e9ctrica (Desde 1kw hasta 300 kw)<\/p>\n<p>&nbsp;<\/p>\n<p><strong><a href=\"https:\/\/www.facebook.com\/GEPROYINGENIERIA\/\" target=\"_blank\" rel=\"noopener\"><img decoding=\"async\" loading=\"lazy\" class=\"\" src=\"https:\/\/cdn-icons-png.flaticon.com\/128\/145\/145802.png\" alt=\"facebook \" width=\"35\" height=\"35\" \/>\u00a0 Facebook\u00a0<\/a><\/strong><\/p>\n<p><strong><img decoding=\"async\" loading=\"lazy\" class=\"\" src=\"https:\/\/cdn-icons-png.flaticon.com\/128\/733\/733585.png\" alt=\"whatsapp \" width=\"35\" height=\"35\" \/><a href=\"https:\/\/wa.me\/314637741\" target=\"_blank\" rel=\"noopener\">\u00a0 WhatsApp<\/a><\/strong><\/p>\n","protected":false},"featured_media":17420,"comment_status":"closed","ping_status":"closed","template":"","meta":[],"product_cat":[28],"product_tag":[],"_links":{"self":[{"href":"https:\/\/negociosverdescorpocaldas.com\/index.php\/wp-json\/wp\/v2\/product\/17421"}],"collection":[{"href":"https:\/\/negociosverdescorpocaldas.com\/index.php\/wp-json\/wp\/v2\/product"}],"about":[{"href":"https:\/\/negociosverdescorpocaldas.com\/index.php\/wp-json\/wp\/v2\/types\/product"}],"replies":[{"embeddable":true,"href":"https:\/\/negociosverdescorpocaldas.com\/index.php\/wp-json\/wp\/v2\/comments?post=17421"}],"version-history":[{"count":1,"href":"https:\/\/negociosverdescorpocaldas.com\/index.php\/wp-json\/wp\/v2\/product\/17421\/revisions"}],"predecessor-version":[{"id":17422,"href":"https:\/\/negociosverdescorpocaldas.com\/index.php\/wp-json\/wp\/v2\/product\/17421\/revisions\/17422"}],"wp:featuredmedia":[{"embeddable":true,"href":"https:\/\/negociosverdescorpocaldas.com\/index.php\/wp-json\/wp\/v2\/media\/17420"}],"wp:attachment":[{"href":"https:\/\/negociosverdescorpocaldas.com\/index.php\/wp-json\/wp\/v2\/media?parent=17421"}],"wp:term":[{"taxonomy":"product_cat","embeddable":true,"href":"https:\/\/negociosverdescorpocaldas.com\/index.php\/wp-json\/wp\/v2\/product_cat?post=17421"},{"taxonomy":"product_tag","embeddable":true,"href":"https:\/\/negociosverdescorpocaldas.com\/index.php\/wp-json\/wp\/v2\/product_tag?post=17421"}],"curies":[{"name":"wp","href":"https:\/\/api.w.org\/{rel}","templated":true}]}}