{"id":17410,"date":"2025-09-04T15:36:17","date_gmt":"2025-09-04T20:36:17","guid":{"rendered":"https:\/\/negociosverdescorpocaldas.com\/?post_type=product&#038;p=17410"},"modified":"2025-09-04T15:36:18","modified_gmt":"2025-09-04T20:36:18","slug":"cauchosol","status":"publish","type":"product","link":"https:\/\/negociosverdescorpocaldas.com\/index.php\/producto\/cauchosol\/","title":{"rendered":"Cauchosol"},"content":{"rendered":"","protected":false},"excerpt":{"rendered":"<p>Producci\u00f3n y comercializaci\u00f3n de l\u00e1minas pl\u00e1sticas y separadores para bater\u00edas.<\/p>\n<div>\n<p><strong><img decoding=\"async\" loading=\"lazy\" class=\"\" src=\"https:\/\/cdn-icons-png.flaticon.com\/128\/3955\/3955024.png\" alt=\"instagram \" width=\"35\" height=\"35\" \/><a href=\"https:\/\/www.instagram.com\/cauchosolmanizales\/\" target=\"_blank\" rel=\"noopener\">\u00a0 Instagram<\/a><\/strong><\/p>\n<p><strong><img decoding=\"async\" loading=\"lazy\" class=\"\" src=\"https:\/\/cdn-icons-png.flaticon.com\/128\/733\/733585.png\" alt=\"whatsapp \" width=\"35\" height=\"35\" \/><a href=\"https:\/\/wa.me\/3017405748\" target=\"_blank\" rel=\"noopener\">\u00a0 WhatsApp<\/a><\/strong><\/p>\n<p><a href=\"https:\/\/cauchosol.com\/\">https:\/\/cauchosol.com\/<\/a><\/p>\n<\/div>\n","protected":false},"featured_media":17408,"comment_status":"closed","ping_status":"closed","template":"","meta":[],"product_cat":[20],"product_tag":[],"_links":{"self":[{"href":"https:\/\/negociosverdescorpocaldas.com\/index.php\/wp-json\/wp\/v2\/product\/17410"}],"collection":[{"href":"https:\/\/negociosverdescorpocaldas.com\/index.php\/wp-json\/wp\/v2\/product"}],"about":[{"href":"https:\/\/negociosverdescorpocaldas.com\/index.php\/wp-json\/wp\/v2\/types\/product"}],"replies":[{"embeddable":true,"href":"https:\/\/negociosverdescorpocaldas.com\/index.php\/wp-json\/wp\/v2\/comments?post=17410"}],"version-history":[{"count":5,"href":"https:\/\/negociosverdescorpocaldas.com\/index.php\/wp-json\/wp\/v2\/product\/17410\/revisions"}],"predecessor-version":[{"id":17417,"href":"https:\/\/negociosverdescorpocaldas.com\/index.php\/wp-json\/wp\/v2\/product\/17410\/revisions\/17417"}],"wp:featuredmedia":[{"embeddable":true,"href":"https:\/\/negociosverdescorpocaldas.com\/index.php\/wp-json\/wp\/v2\/media\/17408"}],"wp:attachment":[{"href":"https:\/\/negociosverdescorpocaldas.com\/index.php\/wp-json\/wp\/v2\/media?parent=17410"}],"wp:term":[{"taxonomy":"product_cat","embeddable":true,"href":"https:\/\/negociosverdescorpocaldas.com\/index.php\/wp-json\/wp\/v2\/product_cat?post=17410"},{"taxonomy":"product_tag","embeddable":true,"href":"https:\/\/negociosverdescorpocaldas.com\/index.php\/wp-json\/wp\/v2\/product_tag?post=17410"}],"curies":[{"name":"wp","href":"https:\/\/api.w.org\/{rel}","templated":true}]}}