{"id":15944,"date":"2023-08-16T11:04:10","date_gmt":"2023-08-16T16:04:10","guid":{"rendered":"https:\/\/negociosverdescorpocaldas.com\/?post_type=product&#038;p=15944"},"modified":"2023-09-26T17:28:36","modified_gmt":"2023-09-26T22:28:36","slug":"cafe-morrogacho","status":"publish","type":"product","link":"https:\/\/negociosverdescorpocaldas.com\/index.php\/producto\/cafe-morrogacho\/","title":{"rendered":"Caf\u00e9 Morrogacho"},"content":{"rendered":"\t\t<div data-elementor-type=\"wp-post\" data-elementor-id=\"15944\" class=\"elementor elementor-15944\">\n\t\t\t\t\t\t\t\t\t<section class=\"wd-negative-gap elementor-section elementor-top-section elementor-element elementor-element-49a6c302 elementor-section-boxed elementor-section-height-default elementor-section-height-default wd-section-disabled\" data-id=\"49a6c302\" data-element_type=\"section\">\n\t\t\t\t\t\t<div class=\"elementor-container elementor-column-gap-default\">\n\t\t\t\t\t<div class=\"elementor-column elementor-col-100 elementor-top-column elementor-element elementor-element-36728d17\" data-id=\"36728d17\" data-element_type=\"column\">\n\t\t\t<div class=\"elementor-widget-wrap elementor-element-populated\">\n\t\t\t\t\t\t\t\t<div class=\"elementor-element elementor-element-28dbd595 color-scheme-inherit text-left elementor-widget elementor-widget-text-editor\" data-id=\"28dbd595\" data-element_type=\"widget\" data-widget_type=\"text-editor.default\">\n\t\t\t\t<div class=\"elementor-widget-container\">\n\t\t\t<style>\/*! elementor - v3.14.0 - 26-06-2023 *\/\n.elementor-widget-text-editor.elementor-drop-cap-view-stacked .elementor-drop-cap{background-color:#69727d;color:#fff}.elementor-widget-text-editor.elementor-drop-cap-view-framed .elementor-drop-cap{color:#69727d;border:3px solid;background-color:transparent}.elementor-widget-text-editor:not(.elementor-drop-cap-view-default) .elementor-drop-cap{margin-top:8px}.elementor-widget-text-editor:not(.elementor-drop-cap-view-default) .elementor-drop-cap-letter{width:1em;height:1em}.elementor-widget-text-editor .elementor-drop-cap{float:left;text-align:center;line-height:1;font-size:50px}.elementor-widget-text-editor .elementor-drop-cap-letter{display:inline-block}<\/style>\t\t\t\t<p style=\"font-weight: 400\">La finca protege los nacimientos de agua y quebradas que la rodean a trav\u00e9s de la siembra de \u00e1rboles nativos como el chachafruto, guamo, arboloco y la recuperaci\u00f3n natural.<\/p><p style=\"font-weight: 400\">La finca cuenta con 4 colmenas de abejas para la polinizaci\u00f3n del cultivo y adem\u00e1s se realiza la extracci\u00f3n de la miel. en la producci\u00f3n del caf\u00e9 se hace uso de abonos y biopreparados elaborados en la misma finca y se hace manejo ecol\u00f3gico de las plagas con productos certificados como los de la empresa Soluciones Microbianas del Tr\u00f3pico, quienes son negocio verde, con biopreparados y alelopat\u00eda.<\/p><p style=\"font-weight: 400\">De igual modo, se utilizan microorganismos eficientes que mejoran la calidad de la producci\u00f3n.<\/p><p style=\"font-weight: 400\">El proceso de despulpado del caf\u00e9 se hace en seco y las aguas mieles son utilizadas en el proceso de fertilizaci\u00f3n, as\u00ed mismo, la pulpa es compostada junto con otros insumos como residuos de cosecha (hojas, pasto), ceniza, y dem\u00e1s elementos.<\/p>\t\t\t\t\t\t<\/div>\n\t\t\t\t<\/div>\n\t\t\t\t\t<\/div>\n\t\t<\/div>\n\t\t\t\t\t\t\t<\/div>\n\t\t<\/section>\n\t\t\t\t\t\t\t<\/div>\n\t\t","protected":false},"excerpt":{"rendered":"<p>El Caf\u00e9 Morrogacho es cultivado en la finca La Persia de la Vereda Morrogacho del municipio de Manizales, all\u00ed mismo se realiza el proceso de despulpado y secado al sol.<\/p>\n<p>El Caf\u00e9 Morrogacho es una variedad de caf\u00e9 Castilla Naranjal y Ar\u00e1bigo cultivado de manera asociada con \u00e1rboles frutales, maderables, pl\u00e1tano, banano.<\/p>\n<p><b>Producto: <\/b>Caf\u00e9 libre de qu\u00edmicos.<\/p>\n<p><strong><img decoding=\"async\" loading=\"lazy\" class=\"\" src=\"https:\/\/cdn-icons-png.flaticon.com\/128\/3955\/3955024.png\" alt=\"instagram \" width=\"35\" height=\"35\" \/><a href=\"https:\/\/www.instagram.com\/morrogacho_productos\/?hl=es\" target=\"_blank\" rel=\"noopener\">\u00a0 Instagram<\/a><\/strong><\/p>\n<p><strong><img decoding=\"async\" loading=\"lazy\" class=\"\" src=\"https:\/\/cdn-icons-png.flaticon.com\/128\/733\/733585.png\" alt=\"whatsapp \" width=\"35\" height=\"35\" \/><a href=\"https:\/\/wa.me\/3113581138\" target=\"_blank\" rel=\"noopener\">\u00a0 WhatsApp<\/a><\/strong><\/p>\n","protected":false},"featured_media":15945,"comment_status":"closed","ping_status":"closed","template":"","meta":[],"product_cat":[32],"product_tag":[],"_links":{"self":[{"href":"https:\/\/negociosverdescorpocaldas.com\/index.php\/wp-json\/wp\/v2\/product\/15944"}],"collection":[{"href":"https:\/\/negociosverdescorpocaldas.com\/index.php\/wp-json\/wp\/v2\/product"}],"about":[{"href":"https:\/\/negociosverdescorpocaldas.com\/index.php\/wp-json\/wp\/v2\/types\/product"}],"replies":[{"embeddable":true,"href":"https:\/\/negociosverdescorpocaldas.com\/index.php\/wp-json\/wp\/v2\/comments?post=15944"}],"version-history":[{"count":8,"href":"https:\/\/negociosverdescorpocaldas.com\/index.php\/wp-json\/wp\/v2\/product\/15944\/revisions"}],"predecessor-version":[{"id":16954,"href":"https:\/\/negociosverdescorpocaldas.com\/index.php\/wp-json\/wp\/v2\/product\/15944\/revisions\/16954"}],"wp:featuredmedia":[{"embeddable":true,"href":"https:\/\/negociosverdescorpocaldas.com\/index.php\/wp-json\/wp\/v2\/media\/15945"}],"wp:attachment":[{"href":"https:\/\/negociosverdescorpocaldas.com\/index.php\/wp-json\/wp\/v2\/media?parent=15944"}],"wp:term":[{"taxonomy":"product_cat","embeddable":true,"href":"https:\/\/negociosverdescorpocaldas.com\/index.php\/wp-json\/wp\/v2\/product_cat?post=15944"},{"taxonomy":"product_tag","embeddable":true,"href":"https:\/\/negociosverdescorpocaldas.com\/index.php\/wp-json\/wp\/v2\/product_tag?post=15944"}],"curies":[{"name":"wp","href":"https:\/\/api.w.org\/{rel}","templated":true}]}}