{"id":15934,"date":"2023-08-16T10:42:34","date_gmt":"2023-08-16T15:42:34","guid":{"rendered":"https:\/\/negociosverdescorpocaldas.com\/?post_type=product&#038;p=15934"},"modified":"2023-09-27T15:02:45","modified_gmt":"2023-09-27T20:02:45","slug":"ainpas","status":"publish","type":"product","link":"https:\/\/negociosverdescorpocaldas.com\/index.php\/producto\/ainpas\/","title":{"rendered":"AINPAS"},"content":{"rendered":"","protected":false},"excerpt":{"rendered":"<div class=\"p0-2\">\n<p>La Asociaci\u00f3n Ind\u00edgena de Paneleros de San Lorenzo, son productores de ca\u00f1a y fabricantes de panela en diferentes presentaciones: Bloque, pulverizada, sachet y dulcer\u00eda, tanto org\u00e1nica como tradicional, aplicando los saberes y tradiciones de la cultura Embera.<\/p>\n<\/div>\n<p><b>Producto: <\/b>Panela Org\u00e1nica bloque, Panela Pulverizada y Sachet.<\/p>\n<p>&nbsp;<\/p>\n<p><strong><a href=\"https:\/\/www.facebook.com\/profile.php?id=100069026716379\" target=\"_blank\" rel=\"noopener\"><img decoding=\"async\" loading=\"lazy\" class=\"\" src=\"https:\/\/cdn-icons-png.flaticon.com\/128\/145\/145802.png\" alt=\"facebook \" width=\"35\" height=\"35\" \/>\u00a0 Facebook\u00a0<\/a><\/strong><\/p>\n<p><strong><img decoding=\"async\" loading=\"lazy\" class=\"\" src=\"https:\/\/cdn-icons-png.flaticon.com\/128\/3955\/3955024.png\" alt=\"instagram \" width=\"35\" height=\"35\" \/><a href=\"https:\/\/www.instagram.com\/ainpas.ta\/\" target=\"_blank\" rel=\"noopener\">\u00a0 Instagram<\/a><\/strong><\/p>\n<p><strong><img decoding=\"async\" loading=\"lazy\" class=\"\" src=\"https:\/\/cdn-icons-png.flaticon.com\/128\/733\/733585.png\" alt=\"whatsapp \" width=\"35\" height=\"35\" \/><a href=\"https:\/\/wa.me\/3165486365\" target=\"_blank\" rel=\"noopener\">\u00a0 WhatsApp<\/a><\/strong><\/p>\n<p>&nbsp;<\/p>\n","protected":false},"featured_media":15935,"comment_status":"closed","ping_status":"closed","template":"","meta":[],"product_cat":[32],"product_tag":[],"_links":{"self":[{"href":"https:\/\/negociosverdescorpocaldas.com\/index.php\/wp-json\/wp\/v2\/product\/15934"}],"collection":[{"href":"https:\/\/negociosverdescorpocaldas.com\/index.php\/wp-json\/wp\/v2\/product"}],"about":[{"href":"https:\/\/negociosverdescorpocaldas.com\/index.php\/wp-json\/wp\/v2\/types\/product"}],"replies":[{"embeddable":true,"href":"https:\/\/negociosverdescorpocaldas.com\/index.php\/wp-json\/wp\/v2\/comments?post=15934"}],"version-history":[{"count":13,"href":"https:\/\/negociosverdescorpocaldas.com\/index.php\/wp-json\/wp\/v2\/product\/15934\/revisions"}],"predecessor-version":[{"id":16972,"href":"https:\/\/negociosverdescorpocaldas.com\/index.php\/wp-json\/wp\/v2\/product\/15934\/revisions\/16972"}],"wp:featuredmedia":[{"embeddable":true,"href":"https:\/\/negociosverdescorpocaldas.com\/index.php\/wp-json\/wp\/v2\/media\/15935"}],"wp:attachment":[{"href":"https:\/\/negociosverdescorpocaldas.com\/index.php\/wp-json\/wp\/v2\/media?parent=15934"}],"wp:term":[{"taxonomy":"product_cat","embeddable":true,"href":"https:\/\/negociosverdescorpocaldas.com\/index.php\/wp-json\/wp\/v2\/product_cat?post=15934"},{"taxonomy":"product_tag","embeddable":true,"href":"https:\/\/negociosverdescorpocaldas.com\/index.php\/wp-json\/wp\/v2\/product_tag?post=15934"}],"curies":[{"name":"wp","href":"https:\/\/api.w.org\/{rel}","templated":true}]}}