{"id":15675,"date":"2023-08-03T13:25:48","date_gmt":"2023-08-03T18:25:48","guid":{"rendered":"https:\/\/negociosverdescorpocaldas.com\/?post_type=product&#038;p=15675"},"modified":"2023-09-26T15:46:14","modified_gmt":"2023-09-26T20:46:14","slug":"cisloa","status":"publish","type":"product","link":"https:\/\/negociosverdescorpocaldas.com\/index.php\/producto\/cisloa\/","title":{"rendered":"Cisloa"},"content":{"rendered":"","protected":false},"excerpt":{"rendered":"<div>\n<p>San Lorenzo es uno de los cuatro resguardos del municipio de Riosucio donde la tradici\u00f3n artesanal se evidencia con mayor fuerza, existe al interior de las comunidades varias familias que dentro de su cotidianidad practican el oficio de las artesan\u00edas, tradici\u00f3n que viene aprendida generaci\u00f3n tras generaci\u00f3n viene de las bis-bis bisabuelas que desde la soluci\u00f3n de sus necesidades nacen las ideas de elaboraci\u00f3n de sus propios elementos artesanales utilitarios.<\/p>\n<p><strong>Producto: <\/strong>Artesan\u00edas, Ca\u00f1a Brava y Fique.<\/p>\n<p><strong><a href=\"https:\/\/www.facebook.com\/artesaniascisloa\" target=\"_blank\" rel=\"noopener\"><img decoding=\"async\" loading=\"lazy\" class=\"\" src=\"https:\/\/cdn-icons-png.flaticon.com\/128\/145\/145802.png\" alt=\"facebook \" width=\"35\" height=\"35\" \/>\u00a0 Facebook<\/a><\/strong><\/p>\n<p><strong><img decoding=\"async\" loading=\"lazy\" class=\"\" src=\"https:\/\/cdn-icons-png.flaticon.com\/128\/3955\/3955024.png\" alt=\"instagram \" width=\"35\" height=\"35\" \/><a href=\"https:\/\/www.instagram.com\/artesaniascisloa\/\" target=\"_blank\" rel=\"noopener\">\u00a0 Instagram<\/a><\/strong><\/p>\n<p><strong><img decoding=\"async\" loading=\"lazy\" class=\"\" src=\"https:\/\/cdn-icons-png.flaticon.com\/128\/733\/733585.png\" alt=\"whatsapp \" width=\"35\" height=\"35\" \/><a href=\"https:\/\/wa.me\/3178251219\" target=\"_blank\" rel=\"noopener\">\u00a0 WhatsApp<\/a><\/strong><\/p>\n<p><a href=\"http:\/\/artesaniasdecolombiatienda.com.co\/cisloa\" target=\"_blank\" rel=\"noopener\"><strong>www.artesaniasdecolombiatienda.com.co\/cisloa<\/strong><\/a><\/p>\n<\/div>\n","protected":false},"featured_media":15783,"comment_status":"closed","ping_status":"closed","template":"","meta":[],"product_cat":[32],"product_tag":[],"_links":{"self":[{"href":"https:\/\/negociosverdescorpocaldas.com\/index.php\/wp-json\/wp\/v2\/product\/15675"}],"collection":[{"href":"https:\/\/negociosverdescorpocaldas.com\/index.php\/wp-json\/wp\/v2\/product"}],"about":[{"href":"https:\/\/negociosverdescorpocaldas.com\/index.php\/wp-json\/wp\/v2\/types\/product"}],"replies":[{"embeddable":true,"href":"https:\/\/negociosverdescorpocaldas.com\/index.php\/wp-json\/wp\/v2\/comments?post=15675"}],"version-history":[{"count":6,"href":"https:\/\/negociosverdescorpocaldas.com\/index.php\/wp-json\/wp\/v2\/product\/15675\/revisions"}],"predecessor-version":[{"id":16928,"href":"https:\/\/negociosverdescorpocaldas.com\/index.php\/wp-json\/wp\/v2\/product\/15675\/revisions\/16928"}],"wp:featuredmedia":[{"embeddable":true,"href":"https:\/\/negociosverdescorpocaldas.com\/index.php\/wp-json\/wp\/v2\/media\/15783"}],"wp:attachment":[{"href":"https:\/\/negociosverdescorpocaldas.com\/index.php\/wp-json\/wp\/v2\/media?parent=15675"}],"wp:term":[{"taxonomy":"product_cat","embeddable":true,"href":"https:\/\/negociosverdescorpocaldas.com\/index.php\/wp-json\/wp\/v2\/product_cat?post=15675"},{"taxonomy":"product_tag","embeddable":true,"href":"https:\/\/negociosverdescorpocaldas.com\/index.php\/wp-json\/wp\/v2\/product_tag?post=15675"}],"curies":[{"name":"wp","href":"https:\/\/api.w.org\/{rel}","templated":true}]}}