{"id":15674,"date":"2023-08-03T10:15:01","date_gmt":"2023-08-03T15:15:01","guid":{"rendered":"https:\/\/negociosverdescorpocaldas.com\/?post_type=product&#038;p=15674"},"modified":"2023-09-27T14:37:18","modified_gmt":"2023-09-27T19:37:18","slug":"cafe-don-gabriel","status":"publish","type":"product","link":"https:\/\/negociosverdescorpocaldas.com\/index.php\/producto\/cafe-don-gabriel\/","title":{"rendered":"Caf\u00e9 Don Gabriel"},"content":{"rendered":"","protected":false},"excerpt":{"rendered":"<p>Caf\u00e9 Don Gabriel proviene de las orillas del r\u00edo Guacaica, en el departamento de Caldas, Colombia. Entre 1350 y 1650 metros sobre el nivel del mar, con 20 C\u00b0 en promedio y 2.400 mm de precipitaci\u00f3n, las mejores condiciones clim\u00e1ticas y la m\u00e1s f\u00e9rtil tierra de origen volc\u00e1nico -que s\u00f3lo nos puede brindar la Naturaleza- hacen de este caf\u00e9 una raz\u00f3n m\u00e1s para disfrutar la vida.<\/p>\n<p>Despu\u00e9s de una cosecha de tipo tradicional, el grano es secado al sol sin ning\u00fan tipo de combustibles logrando as\u00ed conservar intacto su aroma. En el paso siguiente, los granos de caf\u00e9 pasan por un proceso de 5\u00ba selecci\u00f3n, en el que nos aseguramos que solo los mejores granos llegar\u00e1n a su taza. Caf\u00e9 Don Gabriel tiene acidez y cuerpo medio, taza uniforme y su aroma tiene notas de chocolate dulce y panela, tambi\u00e9n se pueden encontrar frutos secos y un residual ligeramente acido.<\/p>\n<p>Los dones de la Naturaleza se suman a los conocimientos y al esfuerzo del inigualable campesinado colombiano y de una familia que, por cinco generaciones, ha sabido ser parte de las 540.000 familias que hoy orgullosas pertenecen y viven de la columna vertebral del campo colombiano: El Caf\u00e9.<\/p>\n<p><strong>Producto:<\/strong> Caf\u00e9 100 % Org\u00e1nico.<\/p>\n<p><strong><a href=\"https:\/\/www.facebook.com\/profile.php?id=100063469153983\" target=\"_blank\" rel=\"noopener\"><img decoding=\"async\" loading=\"lazy\" class=\"\" src=\"https:\/\/cdn-icons-png.flaticon.com\/128\/145\/145802.png\" alt=\"facebook \" width=\"35\" height=\"35\" \/>\u00a0 Facebook<\/a><\/strong><\/p>\n<p><strong><img decoding=\"async\" loading=\"lazy\" class=\"\" src=\"https:\/\/cdn-icons-png.flaticon.com\/128\/3955\/3955024.png\" alt=\"instagram \" width=\"35\" height=\"35\" \/><a href=\"https:\/\/www.instagram.com\/cafedongabriel\/\" target=\"_blank\" rel=\"noopener\">\u00a0 Instagram<\/a><\/strong><\/p>\n<p><strong><img decoding=\"async\" loading=\"lazy\" class=\"\" src=\"https:\/\/cdn-icons-png.flaticon.com\/128\/733\/733585.png\" alt=\"whatsapp \" width=\"35\" height=\"35\" \/><a href=\"https:\/\/wa.me\/3023628289\" target=\"_blank\" rel=\"noopener\">\u00a0 WhatsApp\u00a0<\/a><\/strong><\/p>\n<p>&nbsp;<\/p>\n","protected":false},"featured_media":15778,"comment_status":"closed","ping_status":"closed","template":"","meta":[],"product_cat":[32],"product_tag":[],"_links":{"self":[{"href":"https:\/\/negociosverdescorpocaldas.com\/index.php\/wp-json\/wp\/v2\/product\/15674"}],"collection":[{"href":"https:\/\/negociosverdescorpocaldas.com\/index.php\/wp-json\/wp\/v2\/product"}],"about":[{"href":"https:\/\/negociosverdescorpocaldas.com\/index.php\/wp-json\/wp\/v2\/types\/product"}],"replies":[{"embeddable":true,"href":"https:\/\/negociosverdescorpocaldas.com\/index.php\/wp-json\/wp\/v2\/comments?post=15674"}],"version-history":[{"count":6,"href":"https:\/\/negociosverdescorpocaldas.com\/index.php\/wp-json\/wp\/v2\/product\/15674\/revisions"}],"predecessor-version":[{"id":16968,"href":"https:\/\/negociosverdescorpocaldas.com\/index.php\/wp-json\/wp\/v2\/product\/15674\/revisions\/16968"}],"wp:featuredmedia":[{"embeddable":true,"href":"https:\/\/negociosverdescorpocaldas.com\/index.php\/wp-json\/wp\/v2\/media\/15778"}],"wp:attachment":[{"href":"https:\/\/negociosverdescorpocaldas.com\/index.php\/wp-json\/wp\/v2\/media?parent=15674"}],"wp:term":[{"taxonomy":"product_cat","embeddable":true,"href":"https:\/\/negociosverdescorpocaldas.com\/index.php\/wp-json\/wp\/v2\/product_cat?post=15674"},{"taxonomy":"product_tag","embeddable":true,"href":"https:\/\/negociosverdescorpocaldas.com\/index.php\/wp-json\/wp\/v2\/product_tag?post=15674"}],"curies":[{"name":"wp","href":"https:\/\/api.w.org\/{rel}","templated":true}]}}