{"id":15716,"date":"2023-08-06T17:20:19","date_gmt":"2023-08-06T22:20:19","guid":{"rendered":"https:\/\/negociosverdescorpocaldas.com\/?page_id=15716"},"modified":"2023-09-22T20:03:38","modified_gmt":"2023-09-23T01:03:38","slug":"preguntas-frecuentes","status":"publish","type":"page","link":"https:\/\/negociosverdescorpocaldas.com\/index.php\/preguntas-frecuentes\/","title":{"rendered":"Preguntas frecuentes"},"content":{"rendered":"\t\t<div data-elementor-type=\"wp-page\" data-elementor-id=\"15716\" class=\"elementor elementor-15716\">\n\t\t\t\t\t\t\t\t\t<section class=\"wd-negative-gap elementor-section elementor-top-section elementor-element elementor-element-4a6abe33 elementor-section-boxed elementor-section-height-default elementor-section-height-default wd-section-disabled\" data-id=\"4a6abe33\" data-element_type=\"section\">\n\t\t\t\t\t\t<div class=\"elementor-container elementor-column-gap-default\">\n\t\t\t\t\t<div class=\"elementor-column elementor-col-100 elementor-top-column elementor-element elementor-element-6cb835cc\" data-id=\"6cb835cc\" data-element_type=\"column\">\n\t\t\t<div class=\"elementor-widget-wrap elementor-element-populated\">\n\t\t\t\t\t\t\t\t<div class=\"elementor-element elementor-element-399bf5d5 elementor-widget elementor-widget-wd_title\" data-id=\"399bf5d5\" data-element_type=\"widget\" data-widget_type=\"wd_title.default\">\n\t\t\t\t<div class=\"elementor-widget-container\">\n\t\t\t\t\t<div class=\"title-wrapper set-mb-s reset-last-child wd-title-color-default wd-title-style-default wd-title-size-default text-left\">\n\n\t\t\t\t\t\t\t<div class=\"title-subtitle subtitle-color-default subtitle-style-default wd-fontsize-xs\">\n\t\t\t\t\tRESUELVE TUS DUDAS E INQUIETUDES\t\t\t\t<\/div>\n\t\t\t\n\t\t\t<div class=\"liner-continer\">\n\t\t\t\t<h4 class=\"woodmart-title-container title wd-fontsize-l\">PREGUNTAS FRECUENTES<\/h4> \n\t\t\t\t\t\t\t<\/div>\n\n\t\t\t\t\t<\/div>\n\t\t\t\t<\/div>\n\t\t\t\t<\/div>\n\t\t\t\t<div class=\"elementor-element elementor-element-54868d8e elementor-widget elementor-widget-wd_accordion\" data-id=\"54868d8e\" data-element_type=\"widget\" data-widget_type=\"wd_accordion.default\">\n\t\t\t\t<div class=\"elementor-widget-container\">\n\t\t\t\n\t\t<div class=\"wd-accordion wd-style-default\" data-state=\"first\">\n\t\t\t\t\t\t\t\n\t\t\t\t<div class=\"wd-accordion-item\">\n\t\t\t\t\t<div class=\"wd-accordion-title wd-active text-left wd-opener-pos-right\" data-accordion-index=\"0\">\n\t\t\t\t\t\t<div class=\"wd-accordion-title-text\">\n\t\t\t\t\t\t\t\t\t\t\t\t\t\t<span>\n\t\t\t\t\t\t\t\t\u00bfQu\u00e9 son los Negocios Verdes?\t\t\t\t\t\t\t<\/span>\n\t\t\t\t\t\t<\/div>\n\t\t\t\t\t\t<span class=\"wd-accordion-opener wd-opener-style-arrow\"><\/span>\n\t\t\t\t\t<\/div>\n\n\t\t\t\t\t<div class=\"wd-accordion-content reset-last-child wd-active\" data-accordion-index=\"0\">\n\t\t\t\t\t\t\t\t\t\t\t\t\t\n\t\t\t\t\t\t\t<p>Son actividades econ\u00f3micas que ofrecen bienes y servicios con enfoque ecosist\u00e9mico y de ciclo de<br \/>vida, generando impactos sociales y ambientales positivos, incorporando pr\u00e1cticas sostenibles y<br \/>aportando a la reducci\u00f3n de los gases efecto invernadero, a partir del uso, transformaci\u00f3n,<br \/>valorizaci\u00f3n y conservaci\u00f3n de los recursos para contribuir al desarrollo de los territorios.<\/p>\n\t\t\t\t\t\t\t\t\t\t\t\t\t\t\t\t\t\t<\/div>\n\t\t\t\t<\/div>\n\t\t\t\t\t\t\t\n\t\t\t\t<div class=\"wd-accordion-item\">\n\t\t\t\t\t<div class=\"wd-accordion-title text-left wd-opener-pos-right\" data-accordion-index=\"1\">\n\t\t\t\t\t\t<div class=\"wd-accordion-title-text\">\n\t\t\t\t\t\t\t\t\t\t\t\t\t\t<span>\n\t\t\t\t\t\t\t\t\u00bfCu\u00e1les son los beneficios de ser un Negocio Verde?\t\t\t\t\t\t\t<\/span>\n\t\t\t\t\t\t<\/div>\n\t\t\t\t\t\t<span class=\"wd-accordion-opener wd-opener-style-arrow\"><\/span>\n\t\t\t\t\t<\/div>\n\n\t\t\t\t\t<div class=\"wd-accordion-content reset-last-child\" data-accordion-index=\"1\">\n\t\t\t\t\t\t\t\t\t\t\t\t\t\n\t\t\t\t\t\t\t<ul><li>Derecho de uso de la marca.<\/li><li>Participar de actividades de formaci\u00f3n, capacitaci\u00f3n, asesor\u00edas y mentor\u00edas por parte de la entidad y otras instituciones p\u00fablicas y privadas.<\/li><li>Participar en los eventos y ferias programadas.<\/li><li>Hacer parte del plan y estrategia de comunicaci\u00f3n de Corpocaldas y otras instituciones aliadas.<\/li><li>Recibir la certificaci\u00f3n anual que lo acredita como Negocio Verde.<\/li><\/ul>\n\t\t\t\t\t\t\t\t\t\t\t\t\t\t\t\t\t\t<\/div>\n\t\t\t\t<\/div>\n\t\t\t\t\t\t\t\n\t\t\t\t<div class=\"wd-accordion-item\">\n\t\t\t\t\t<div class=\"wd-accordion-title text-left wd-opener-pos-right\" data-accordion-index=\"2\">\n\t\t\t\t\t\t<div class=\"wd-accordion-title-text\">\n\t\t\t\t\t\t\t\t\t\t\t\t\t\t<span>\n\t\t\t\t\t\t\t\t\u00bfQu\u00e9 tipo de actividades productivas pueden pertenecer al programa NV? \t\t\t\t\t\t\t<\/span>\n\t\t\t\t\t\t<\/div>\n\t\t\t\t\t\t<span class=\"wd-accordion-opener wd-opener-style-arrow\"><\/span>\n\t\t\t\t\t<\/div>\n\n\t\t\t\t\t<div class=\"wd-accordion-content reset-last-child\" data-accordion-index=\"2\">\n\t\t\t\t\t\t\t\t\t\t\t\t\t\n\t\t\t\t\t\t\t<p>De acuerdo con la actualizaci\u00f3n del Plan Nacional de Negocios Verdes, hay 29 actividades que pueden ser parte del programa.<\/p><p><strong>Entre ellas se encuentran:<\/strong><\/p><ul><li>Aprovechamiento y valoraci\u00f3n de residuos s\u00f3lidos<\/li><li>Confecci\u00f3n y manufactura<\/li><li>Empaques y envases ecol\u00f3gicos<\/li><li>Construcciones sostenibles<\/li><li>Transporte sostenible<\/li><li>Preservaci\u00f3n y restauraci\u00f3n de ecosistemas<\/li><li>Agrosistemas sostenibles<\/li><li>Agroindustria y turismo sostenible, entre otras.<\/li><\/ul>\n\t\t\t\t\t\t\t\t\t\t\t\t\t\t\t\t\t\t<\/div>\n\t\t\t\t<\/div>\n\t\t\t\t\t\t\t\n\t\t\t\t<div class=\"wd-accordion-item\">\n\t\t\t\t\t<div class=\"wd-accordion-title text-left wd-opener-pos-right\" data-accordion-index=\"3\">\n\t\t\t\t\t\t<div class=\"wd-accordion-title-text\">\n\t\t\t\t\t\t\t\t\t\t\t\t\t\t<span>\n\t\t\t\t\t\t\t\t\u00bfCu\u00e1les son los requisitos para ser un Negocio Verde?\t\t\t\t\t\t\t<\/span>\n\t\t\t\t\t\t<\/div>\n\t\t\t\t\t\t<span class=\"wd-accordion-opener wd-opener-style-arrow\"><\/span>\n\t\t\t\t\t<\/div>\n\n\t\t\t\t\t<div class=\"wd-accordion-content reset-last-child\" data-accordion-index=\"3\">\n\t\t\t\t\t\t\t\t\t\t\t\t\t\n\t\t\t\t\t\t\t<p>La actividad productiva realizada o el servicio prestado debe basarse de manera total o parcial en los siguientes criterios<\/p><p>Viabilidad econ\u00f3mica del negocio<\/p><ol><li>Impacto ambiental positivo del bien o servicio<\/li><li>Enfoque de ciclo de vida del bien o servicio<\/li><li>Vida \u00fatil<\/li><li>No uso de sustancias o materiales peligrosos<\/li><li>Reciclabilidad de los materiales y\/o uso de materiales reciclados<\/li><li>Uso eficiente y sostenible de recursos para la producci\u00f3n del bien o servicio<\/li><li>Responsabilidad social al interior de la empresa<\/li><li>Responsabilidad social y ambiental en la cadena de valor de la empresa<\/li><li>Responsabilidad social y ambiental al exterior de la empresa<\/li><li>Comunicaci\u00f3n de atributos sociales o ambientales asociados al bien o servicio<\/li><li>Esquemas, programas o reconocimientos ambientales o sociales implementados o recibidos<\/li><li>RUT y\/o C\u00e1mara de Comercio<\/li><\/ol>\n\t\t\t\t\t\t\t\t\t\t\t\t\t\t\t\t\t\t<\/div>\n\t\t\t\t<\/div>\n\t\t\t\t\t\t\t\n\t\t\t\t<div class=\"wd-accordion-item\">\n\t\t\t\t\t<div class=\"wd-accordion-title text-left wd-opener-pos-right\" data-accordion-index=\"4\">\n\t\t\t\t\t\t<div class=\"wd-accordion-title-text\">\n\t\t\t\t\t\t\t\t\t\t\t\t\t\t<span>\n\t\t\t\t\t\t\t\t\u00bfQu\u00e9 debo hacer para ser un Negocio Verde?\t\t\t\t\t\t\t<\/span>\n\t\t\t\t\t\t<\/div>\n\t\t\t\t\t\t<span class=\"wd-accordion-opener wd-opener-style-arrow\"><\/span>\n\t\t\t\t\t<\/div>\n\n\t\t\t\t\t<div class=\"wd-accordion-content reset-last-child\" data-accordion-index=\"4\">\n\t\t\t\t\t\t\t\t\t\t\t\t\t\n\t\t\t\t\t\t\t<p><strong>Si quiere pertenecer a los Negocios Verdes de Caldas debe seguir estos\u00a0 7 pasos:<\/strong><\/p><ol><li>Expresar su deseo de pertenecer al programa a trav\u00e9s de las l\u00edneas de contacto o correo electr\u00f3nico.<\/li><li>Diligenciar el formulario de <a href=\"https:\/\/negociosverdescorpocaldas.com\/index.php\/preinscripcion\/\" target=\"_blank\" rel=\"noopener\">preinscripci\u00f3n<\/a> y adjuntar la documentaci\u00f3n solicitada por el personal de la Ventanilla de Negocios Verdes.<\/li><li>Validaci\u00f3n de requisitos m\u00ednimos legales (realizado por el personal de la Ventanilla de Negocios Verdes).<\/li><li>Visita de Verificaci\u00f3n (Diligenciamiento ficha de verificaci\u00f3n). Se realiza de mutuo acuerdo con la persona interesada.<\/li><li>Elaboraci\u00f3n del plan de mejora basado en las principales oportunidades de mejora del negocio.<\/li><li>Entrega de Aval que lo certifica como Negocio Verde.<\/li><li>Seguimiento anual al negocio y al plan de mejora con el fin de recertificar al negocio y avanzar en su nivel.<\/li><\/ol>\n\t\t\t\t\t\t\t\t\t\t\t\t\t\t\t\t\t\t<\/div>\n\t\t\t\t<\/div>\n\t\t\t\t\t\t\t\n\t\t\t\t<div class=\"wd-accordion-item\">\n\t\t\t\t\t<div class=\"wd-accordion-title text-left wd-opener-pos-right\" data-accordion-index=\"5\">\n\t\t\t\t\t\t<div class=\"wd-accordion-title-text\">\n\t\t\t\t\t\t\t\t\t\t\t\t\t\t<span>\n\t\t\t\t\t\t\t\t\u00bfSi pertenezco a otro programa de apoyo en el departamento puedo tambi\u00e9n pertenecer a Negocios Verdes?\t\t\t\t\t\t\t<\/span>\n\t\t\t\t\t\t<\/div>\n\t\t\t\t\t\t<span class=\"wd-accordion-opener wd-opener-style-arrow\"><\/span>\n\t\t\t\t\t<\/div>\n\n\t\t\t\t\t<div class=\"wd-accordion-content reset-last-child\" data-accordion-index=\"5\">\n\t\t\t\t\t\t\t\t\t\t\t\t\t\n\t\t\t\t\t\t\t<p>S\u00ed. Hacer parte del programa Negocios Verdes no es excluyente de los programas ofertados por otras entidades del departamento o municipio.<\/p>\n\t\t\t\t\t\t\t\t\t\t\t\t\t\t\t\t\t\t<\/div>\n\t\t\t\t<\/div>\n\t\t\t\t\t\t\t\n\t\t\t\t<div class=\"wd-accordion-item\">\n\t\t\t\t\t<div class=\"wd-accordion-title text-left wd-opener-pos-right\" data-accordion-index=\"6\">\n\t\t\t\t\t\t<div class=\"wd-accordion-title-text\">\n\t\t\t\t\t\t\t\t\t\t\t\t\t\t<span>\n\t\t\t\t\t\t\t\t\u00bfPor cu\u00e1nto tiempo puedo ser un Negocio Verde?\t\t\t\t\t\t\t<\/span>\n\t\t\t\t\t\t<\/div>\n\t\t\t\t\t\t<span class=\"wd-accordion-opener wd-opener-style-arrow\"><\/span>\n\t\t\t\t\t<\/div>\n\n\t\t\t\t\t<div class=\"wd-accordion-content reset-last-child\" data-accordion-index=\"6\">\n\t\t\t\t\t\t\t\t\t\t\t\t\t\n\t\t\t\t\t\t\t<p>A los Negocios Verdes se les hace una visita anual con el objetivo de verificar el avance en su plan de mejora y el inter\u00e9s de seguir perteneciendo al programa. Si alguna de estas dos causales no se cumple, se procede a retirar el negocio del programa y a informar al empresario.<\/p>\n\t\t\t\t\t\t\t\t\t\t\t\t\t\t\t\t\t\t<\/div>\n\t\t\t\t<\/div>\n\t\t\t\t\t\t\t\n\t\t\t\t<div class=\"wd-accordion-item\">\n\t\t\t\t\t<div class=\"wd-accordion-title text-left wd-opener-pos-right\" data-accordion-index=\"7\">\n\t\t\t\t\t\t<div class=\"wd-accordion-title-text\">\n\t\t\t\t\t\t\t\t\t\t\t\t\t\t<span>\n\t\t\t\t\t\t\t\t\u00bfSi ya no deseo pertenecer al programa Negocios Verdes qu\u00e9 debo hacer?\t\t\t\t\t\t\t<\/span>\n\t\t\t\t\t\t<\/div>\n\t\t\t\t\t\t<span class=\"wd-accordion-opener wd-opener-style-arrow\"><\/span>\n\t\t\t\t\t<\/div>\n\n\t\t\t\t\t<div class=\"wd-accordion-content reset-last-child\" data-accordion-index=\"7\">\n\t\t\t\t\t\t\t\t\t\t\t\t\t\n\t\t\t\t\t\t\t<p>Es sencillo. Solo debe expresar su deseo de retiro a trav\u00e9s de nuestros canales de comunicaci\u00f3n, correo electr\u00f3nico <a href=\"mailto:negociosverdescaldas@corpocaldas.gov.co\">negociosverdescaldas@corpocaldas.gov.co<\/a><\/p>\n\t\t\t\t\t\t\t\t\t\t\t\t\t\t\t\t\t\t<\/div>\n\t\t\t\t<\/div>\n\t\t\t\t\t\t\t\n\t\t\t\t<div class=\"wd-accordion-item\">\n\t\t\t\t\t<div class=\"wd-accordion-title text-left wd-opener-pos-right\" data-accordion-index=\"8\">\n\t\t\t\t\t\t<div class=\"wd-accordion-title-text\">\n\t\t\t\t\t\t\t\t\t\t\t\t\t\t<span>\n\t\t\t\t\t\t\t\t\u00bfCu\u00e1les son las causales para que mi negocio sea retirado del programa Negocios Verdes?\t\t\t\t\t\t\t<\/span>\n\t\t\t\t\t\t<\/div>\n\t\t\t\t\t\t<span class=\"wd-accordion-opener wd-opener-style-arrow\"><\/span>\n\t\t\t\t\t<\/div>\n\n\t\t\t\t\t<div class=\"wd-accordion-content reset-last-child\" data-accordion-index=\"8\">\n\t\t\t\t\t\t\t\t\t\t\t\t\t\n\t\t\t\t\t\t\t<ul><li>Que el empresario no presente avances en su plan de mejora.<\/li><li>Que se presenten cambios en las actividades realizadas para la generaci\u00f3n del producto o la prestaci\u00f3n del servicio que no est\u00e9n acordes con la pol\u00edtica del programa de Negocios Verdes.<\/li><li>Que no d\u00e9 respuesta a los requerimientos realizados por el personal de la Ventanilla de Negocios Verdes.<\/li><li>Que no demuestre inter\u00e9s en las actividades programadas desde la Ventanilla de Negocios Verdes para el fortalecimiento y evoluci\u00f3n de su negocio.<\/li><li>Suspender sus actividades econ\u00f3micas en relaci\u00f3n con el negocio adscrito al programa.<\/li><li>Que implemente cambios en su negocio como raz\u00f3n social, representante legal, actividades productivas, informaci\u00f3n de contacto, entre otros y no avise de manera oportuna a la Ventanilla de Negocios Verdes.<\/li><\/ul>\n\t\t\t\t\t\t\t\t\t\t\t\t\t\t\t\t\t\t<\/div>\n\t\t\t\t<\/div>\n\t\t\t\t\t\t\t\n\t\t\t\t<div class=\"wd-accordion-item\">\n\t\t\t\t\t<div class=\"wd-accordion-title text-left wd-opener-pos-right\" data-accordion-index=\"9\">\n\t\t\t\t\t\t<div class=\"wd-accordion-title-text\">\n\t\t\t\t\t\t\t\t\t\t\t\t\t\t<span>\n\t\t\t\t\t\t\t\t\u00bfQu\u00e9 compromisos adquiero con el programa al ser un Negocio Verde?\t\t\t\t\t\t\t<\/span>\n\t\t\t\t\t\t<\/div>\n\t\t\t\t\t\t<span class=\"wd-accordion-opener wd-opener-style-arrow\"><\/span>\n\t\t\t\t\t<\/div>\n\n\t\t\t\t\t<div class=\"wd-accordion-content reset-last-child\" data-accordion-index=\"9\">\n\t\t\t\t\t\t\t\t\t\t\t\t\t\n\t\t\t\t\t\t\t<ul><li>Participar de las actividades a las cuales sea convocado.<\/li><li>Responder las solicitudes de informaci\u00f3n que le sean requeridas.<\/li><li>No tener sanciones por parte de la autoridad ambiental y otros organismos de control.<\/li><li>Usar la marca de Negocios Verdes de acuerdo a como se indica en el manual de uso de la marca.<\/li><li>Realizar las acciones correctivas de acuerdo a las recomendaciones hechas en los planes de mejora.<\/li><li>Acogerse al Manual de Uso de la Marca y usarlo exclusivamente a los servicios y\/o productos que fueron objeto de verificaci\u00f3n y cumplimiento.<\/li><li>Informar a la Corporaci\u00f3n cualquier cambio que presente el negocio (propietario, raz\u00f3n social, objeto social entre otros).<\/li><li>Hacer parte activa de los canales de comunicaci\u00f3n que se haya establecido por el programa de negocios verdes.<\/li><\/ul>\n\t\t\t\t\t\t\t\t\t\t\t\t\t\t\t\t\t\t<\/div>\n\t\t\t\t<\/div>\n\t\t\t\t\t\t\t\n\t\t\t\t<div class=\"wd-accordion-item\">\n\t\t\t\t\t<div class=\"wd-accordion-title text-left wd-opener-pos-right\" data-accordion-index=\"10\">\n\t\t\t\t\t\t<div class=\"wd-accordion-title-text\">\n\t\t\t\t\t\t\t\t\t\t\t\t\t\t<span>\n\t\t\t\t\t\t\t\t\u00bfEl ingreso al programa tiene alg\u00fan costo?\t\t\t\t\t\t\t<\/span>\n\t\t\t\t\t\t<\/div>\n\t\t\t\t\t\t<span class=\"wd-accordion-opener wd-opener-style-arrow\"><\/span>\n\t\t\t\t\t<\/div>\n\n\t\t\t\t\t<div class=\"wd-accordion-content reset-last-child\" data-accordion-index=\"10\">\n\t\t\t\t\t\t\t\t\t\t\t\t\t\n\t\t\t\t\t\t\t<p>No. El programa Negocios Verdes es completamente gratuito y tiene como objetivo fortalecer, asesorar, visibilizar a los emprendimientos y empresas del departamento que cumplan con criterios de sostenibilidad, conservaci\u00f3n, innovaci\u00f3n y responsabilidad.<\/p>\n\t\t\t\t\t\t\t\t\t\t\t\t\t\t\t\t\t\t<\/div>\n\t\t\t\t<\/div>\n\t\t\t\t\t\t\t\n\t\t\t\t<div class=\"wd-accordion-item\">\n\t\t\t\t\t<div class=\"wd-accordion-title text-left wd-opener-pos-right\" data-accordion-index=\"11\">\n\t\t\t\t\t\t<div class=\"wd-accordion-title-text\">\n\t\t\t\t\t\t\t\t\t\t\t\t\t\t<span>\n\t\t\t\t\t\t\t\t\u00bfDesde el Programa Negocios Verdes se pueden brindar ayudas econ\u00f3micas a los emprendimientos y\/o empresas?\t\t\t\t\t\t\t<\/span>\n\t\t\t\t\t\t<\/div>\n\t\t\t\t\t\t<span class=\"wd-accordion-opener wd-opener-style-arrow\"><\/span>\n\t\t\t\t\t<\/div>\n\n\t\t\t\t\t<div class=\"wd-accordion-content reset-last-child\" data-accordion-index=\"11\">\n\t\t\t\t\t\t\t\t\t\t\t\t\t\n\t\t\t\t\t\t\t<p>No. El programa de Negocios Verdes al estar adscrito a una entidad estatal, no puede destinar recursos p\u00fablicos para un beneficio particular y deben estar destinados a la realizaci\u00f3n de acciones que beneficie a las comunidades.<\/p>\n\t\t\t\t\t\t\t\t\t\t\t\t\t\t\t\t\t\t<\/div>\n\t\t\t\t<\/div>\n\t\t\t\t\t\t\t\n\t\t\t\t<div class=\"wd-accordion-item\">\n\t\t\t\t\t<div class=\"wd-accordion-title text-left wd-opener-pos-right\" data-accordion-index=\"12\">\n\t\t\t\t\t\t<div class=\"wd-accordion-title-text\">\n\t\t\t\t\t\t\t\t\t\t\t\t\t\t<span>\n\t\t\t\t\t\t\t\t\u00bfMi negocio puede estar inscrito al programa Negocios Verdes en diferentes departamentos de manera simult\u00e1nea?\t\t\t\t\t\t\t<\/span>\n\t\t\t\t\t\t<\/div>\n\t\t\t\t\t\t<span class=\"wd-accordion-opener wd-opener-style-arrow\"><\/span>\n\t\t\t\t\t<\/div>\n\n\t\t\t\t\t<div class=\"wd-accordion-content reset-last-child\" data-accordion-index=\"12\">\n\t\t\t\t\t\t\t\t\t\t\t\t\t\n\t\t\t\t\t\t\t<p>No. El negocio solo debe ser verificado por el personal de Ventanilla de Negocios Verdes de su jurisdicci\u00f3n o donde este opere.<\/p>\n\t\t\t\t\t\t\t\t\t\t\t\t\t\t\t\t\t\t<\/div>\n\t\t\t\t<\/div>\n\t\t\t\t\t<\/div>\n\t\t\t\t<\/div>\n\t\t\t\t<\/div>\n\t\t\t\t\t<\/div>\n\t\t<\/div>\n\t\t\t\t\t\t\t<\/div>\n\t\t<\/section>\n\t\t\t\t\t\t\t<\/div>\n\t\t","protected":false},"excerpt":{"rendered":"<p>RESUELVE TUS DUDAS E INQUIETUDES PREGUNTAS FRECUENTES \u00bfQu\u00e9 son los Negocios Verdes? Son actividades econ\u00f3micas que ofrecen bienes y servicios<\/p>\n","protected":false},"author":1,"featured_media":0,"parent":0,"menu_order":0,"comment_status":"closed","ping_status":"closed","template":"","meta":[],"_links":{"self":[{"href":"https:\/\/negociosverdescorpocaldas.com\/index.php\/wp-json\/wp\/v2\/pages\/15716"}],"collection":[{"href":"https:\/\/negociosverdescorpocaldas.com\/index.php\/wp-json\/wp\/v2\/pages"}],"about":[{"href":"https:\/\/negociosverdescorpocaldas.com\/index.php\/wp-json\/wp\/v2\/types\/page"}],"author":[{"embeddable":true,"href":"https:\/\/negociosverdescorpocaldas.com\/index.php\/wp-json\/wp\/v2\/users\/1"}],"replies":[{"embeddable":true,"href":"https:\/\/negociosverdescorpocaldas.com\/index.php\/wp-json\/wp\/v2\/comments?post=15716"}],"version-history":[{"count":41,"href":"https:\/\/negociosverdescorpocaldas.com\/index.php\/wp-json\/wp\/v2\/pages\/15716\/revisions"}],"predecessor-version":[{"id":16837,"href":"https:\/\/negociosverdescorpocaldas.com\/index.php\/wp-json\/wp\/v2\/pages\/15716\/revisions\/16837"}],"wp:attachment":[{"href":"https:\/\/negociosverdescorpocaldas.com\/index.php\/wp-json\/wp\/v2\/media?parent=15716"}],"curies":[{"name":"wp","href":"https:\/\/api.w.org\/{rel}","templated":true}]}}