{"id":15587,"date":"2023-07-24T21:32:46","date_gmt":"2023-07-25T02:32:46","guid":{"rendered":"https:\/\/negociosverdescorpocaldas.com\/?page_id=15587"},"modified":"2023-09-22T20:23:06","modified_gmt":"2023-09-23T01:23:06","slug":"ventanilla-negocios-verdes","status":"publish","type":"page","link":"https:\/\/negociosverdescorpocaldas.com\/index.php\/ventanilla-negocios-verdes\/","title":{"rendered":"Ventanilla Negocios Verdes"},"content":{"rendered":"\t\t<div data-elementor-type=\"wp-page\" data-elementor-id=\"15587\" class=\"elementor elementor-15587\">\n\t\t\t\t\t\t\t\t\t<section class=\"wd-negative-gap elementor-section elementor-top-section elementor-element elementor-element-0ec410c elementor-section-boxed elementor-section-height-default elementor-section-height-default wd-section-disabled\" data-id=\"0ec410c\" data-element_type=\"section\">\n\t\t\t\t\t\t<div class=\"elementor-container elementor-column-gap-default\">\n\t\t\t\t\t<div class=\"elementor-column elementor-col-100 elementor-top-column elementor-element elementor-element-84ffddc\" data-id=\"84ffddc\" data-element_type=\"column\">\n\t\t\t<div class=\"elementor-widget-wrap elementor-element-populated\">\n\t\t\t\t\t\t\t\t<div class=\"elementor-element elementor-element-ce68f05 elementor-widget elementor-widget-wd_title\" data-id=\"ce68f05\" data-element_type=\"widget\" data-widget_type=\"wd_title.default\">\n\t\t\t\t<div class=\"elementor-widget-container\">\n\t\t\t\t\t<div class=\"title-wrapper set-mb-s reset-last-child wd-title-color-default wd-title-style-default wd-title-size-default text-left\">\n\n\t\t\t\n\t\t\t<div class=\"liner-continer\">\n\t\t\t\t<h4 class=\"woodmart-title-container title wd-fontsize-l\">\u00bfQu\u00e9 es la Ventanilla de Negocios Verdes?<\/h4> \n\t\t\t\t\t\t\t<\/div>\n\n\t\t\t\t\t<\/div>\n\t\t\t\t<\/div>\n\t\t\t\t<\/div>\n\t\t\t\t\t<\/div>\n\t\t<\/div>\n\t\t\t\t\t\t\t<\/div>\n\t\t<\/section>\n\t\t\t\t<section class=\"wd-negative-gap elementor-section elementor-top-section elementor-element elementor-element-650ebb3 elementor-section-boxed elementor-section-height-default elementor-section-height-default wd-section-disabled\" data-id=\"650ebb3\" data-element_type=\"section\">\n\t\t\t\t\t\t<div class=\"elementor-container elementor-column-gap-default\">\n\t\t\t\t\t<div class=\"elementor-column elementor-col-100 elementor-top-column elementor-element elementor-element-0b2387b\" data-id=\"0b2387b\" data-element_type=\"column\">\n\t\t\t<div class=\"elementor-widget-wrap elementor-element-populated\">\n\t\t\t\t\t\t\t\t<div class=\"elementor-element elementor-element-6b449fd color-scheme-inherit text-left elementor-widget elementor-widget-text-editor\" data-id=\"6b449fd\" data-element_type=\"widget\" data-widget_type=\"text-editor.default\">\n\t\t\t\t<div class=\"elementor-widget-container\">\n\t\t\t<style>\/*! elementor - v3.14.0 - 26-06-2023 *\/\n.elementor-widget-text-editor.elementor-drop-cap-view-stacked .elementor-drop-cap{background-color:#69727d;color:#fff}.elementor-widget-text-editor.elementor-drop-cap-view-framed .elementor-drop-cap{color:#69727d;border:3px solid;background-color:transparent}.elementor-widget-text-editor:not(.elementor-drop-cap-view-default) .elementor-drop-cap{margin-top:8px}.elementor-widget-text-editor:not(.elementor-drop-cap-view-default) .elementor-drop-cap-letter{width:1em;height:1em}.elementor-widget-text-editor .elementor-drop-cap{float:left;text-align:center;line-height:1;font-size:50px}.elementor-widget-text-editor .elementor-drop-cap-letter{display:inline-block}<\/style>\t\t\t\t<div title=\"Page 2\"><p><span style=\"font-weight: 400\">De acuerdo con el Plan Nacional de Negocios Verdes, las Ventanillas Verdes son grupos t\u00e9cnicos y de gesti\u00f3n al interior de las Corporaciones Aut\u00f3nomas Regionales o de alianzas entre las Comisiones Regionales de Competitividad, Gobernaciones, Alcald\u00edas, C\u00e1maras de Comercio, SENA, academia, sectores y gremios productivos, incubadoras de empresas, entre otros miembros del ecosistema de los Negocios Verdes que tienen como misi\u00f3n posicionarlos como un nuevo rengl\u00f3n de la econom\u00eda regional.<\/span><\/p><\/div>\t\t\t\t\t\t<\/div>\n\t\t\t\t<\/div>\n\t\t\t\t\t<\/div>\n\t\t<\/div>\n\t\t\t\t\t\t\t<\/div>\n\t\t<\/section>\n\t\t\t\t<section class=\"wd-negative-gap elementor-section elementor-top-section elementor-element elementor-element-00d932e elementor-section-boxed elementor-section-height-default elementor-section-height-default wd-section-disabled\" data-id=\"00d932e\" data-element_type=\"section\">\n\t\t\t\t\t\t<div class=\"elementor-container elementor-column-gap-default\">\n\t\t\t\t\t<div class=\"elementor-column elementor-col-100 elementor-top-column elementor-element elementor-element-a70cd0c\" data-id=\"a70cd0c\" data-element_type=\"column\">\n\t\t\t<div class=\"elementor-widget-wrap elementor-element-populated\">\n\t\t\t\t\t\t\t\t<div class=\"elementor-element elementor-element-1075805 elementor-widget elementor-widget-wd_title\" data-id=\"1075805\" data-element_type=\"widget\" data-widget_type=\"wd_title.default\">\n\t\t\t\t<div class=\"elementor-widget-container\">\n\t\t\t\t\t<div class=\"title-wrapper set-mb-s reset-last-child wd-title-color-primary wd-title-style-underlined wd-title-size-default text-left\">\n\n\t\t\t\n\t\t\t<div class=\"liner-continer\">\n\t\t\t\t<h4 class=\"woodmart-title-container title wd-fontsize-l\">La Ventanilla de Negocios Verdes tiene los siguientes objetivos:<\/h4> \n\t\t\t\t\t\t\t<\/div>\n\n\t\t\t\t\t<\/div>\n\t\t\t\t<\/div>\n\t\t\t\t<\/div>\n\t\t\t\t\t<\/div>\n\t\t<\/div>\n\t\t\t\t\t\t\t<\/div>\n\t\t<\/section>\n\t\t\t\t<section class=\"wd-negative-gap elementor-section elementor-top-section elementor-element elementor-element-800d467 elementor-section-boxed elementor-section-height-default elementor-section-height-default wd-section-disabled\" data-id=\"800d467\" data-element_type=\"section\">\n\t\t\t\t\t\t<div class=\"elementor-container elementor-column-gap-default\">\n\t\t\t\t\t<div class=\"elementor-column elementor-col-100 elementor-top-column elementor-element elementor-element-0095a7f\" data-id=\"0095a7f\" data-element_type=\"column\">\n\t\t\t<div class=\"elementor-widget-wrap elementor-element-populated\">\n\t\t\t\t\t\t\t\t<div class=\"elementor-element elementor-element-71f9cbc color-scheme-inherit text-left elementor-widget elementor-widget-text-editor\" data-id=\"71f9cbc\" data-element_type=\"widget\" data-widget_type=\"text-editor.default\">\n\t\t\t\t<div class=\"elementor-widget-container\">\n\t\t\t\t\t\t\t<div class=\"page\" title=\"Page 2\"><div class=\"layoutArea\"><div class=\"column\"><ol><li><b>Institucionales<\/b><\/li><\/ol><ul><li><span style=\"font-weight: 400\">Liderar y articular los diferentes actores regionales en la implementaci\u00f3n del Programa Regional de Negocios Verdes.<\/span><\/li><li><span style=\"font-weight: 400\">Posicionar el Programa Regional de Negocios Verdes a nivel regional, realizar seguimiento a los compromisos, evaluar avances.<\/span><\/li><li><span style=\"font-weight: 400\">Crear y consolidar alianzas estrat\u00e9gicas con actores clave, continuas y duraderas, que contribuyan a promocionar y posicionar los negocios verdes en la regi\u00f3n.<\/span><\/li><li><span style=\"font-weight: 400\">Generar estad\u00edsticas para medir su contribuci\u00f3n al desarrollo econ\u00f3mico de la regi\u00f3n y conservaci\u00f3n de los recursos naturales.<\/span><\/li><\/ul><ol start=\"2\"><li><b> Oferta<\/b><\/li><\/ol><ul><li><span style=\"font-weight: 400\">Fomentar la creaci\u00f3n y posicionamiento de la oferta de productos verdes regionales.<\/span><\/li><li><span style=\"font-weight: 400\">Incentivar la producci\u00f3n de bienes y servicios verdes regionales para contribuir a aumentar la competitividad de estos sistemas productivos a escala nacional e internacional.<\/span><\/li><li><span style=\"font-weight: 400\">Capacitar a los empresarios en cuanto a los criterios que definen un bien o servicio como verde.<\/span><\/li><\/ul><ol start=\"3\"><li><b> Demanda<\/b><\/li><\/ol><ul><li><span style=\"font-weight: 400\">Divulgar el potencial y las tendencias de mercado de los negocios verdes<\/span><\/li><li><span style=\"font-weight: 400\">Sensibilizar al consumidor sobre la importancia de los productos verdes<\/span><\/li><li><span style=\"font-weight: 400\">Posicionar, conjuntamente con sus aliados, a los negocios verdes como un nuevo sector en la econom\u00eda regional.<\/span><\/li><\/ul><\/div><\/div><\/div>\t\t\t\t\t\t<\/div>\n\t\t\t\t<\/div>\n\t\t\t\t\t<\/div>\n\t\t<\/div>\n\t\t\t\t\t\t\t<\/div>\n\t\t<\/section>\n\t\t\t\t\t\t\t<\/div>\n\t\t","protected":false},"excerpt":{"rendered":"<p>\u00bfQu\u00e9 es la Ventanilla de Negocios Verdes? De acuerdo con el Plan Nacional de Negocios Verdes, las Ventanillas Verdes son<\/p>\n","protected":false},"author":1,"featured_media":0,"parent":0,"menu_order":0,"comment_status":"closed","ping_status":"closed","template":"","meta":[],"_links":{"self":[{"href":"https:\/\/negociosverdescorpocaldas.com\/index.php\/wp-json\/wp\/v2\/pages\/15587"}],"collection":[{"href":"https:\/\/negociosverdescorpocaldas.com\/index.php\/wp-json\/wp\/v2\/pages"}],"about":[{"href":"https:\/\/negociosverdescorpocaldas.com\/index.php\/wp-json\/wp\/v2\/types\/page"}],"author":[{"embeddable":true,"href":"https:\/\/negociosverdescorpocaldas.com\/index.php\/wp-json\/wp\/v2\/users\/1"}],"replies":[{"embeddable":true,"href":"https:\/\/negociosverdescorpocaldas.com\/index.php\/wp-json\/wp\/v2\/comments?post=15587"}],"version-history":[{"count":28,"href":"https:\/\/negociosverdescorpocaldas.com\/index.php\/wp-json\/wp\/v2\/pages\/15587\/revisions"}],"predecessor-version":[{"id":16843,"href":"https:\/\/negociosverdescorpocaldas.com\/index.php\/wp-json\/wp\/v2\/pages\/15587\/revisions\/16843"}],"wp:attachment":[{"href":"https:\/\/negociosverdescorpocaldas.com\/index.php\/wp-json\/wp\/v2\/media?parent=15587"}],"curies":[{"name":"wp","href":"https:\/\/api.w.org\/{rel}","templated":true}]}}